{"id":7786,"date":"2021-01-27T18:40:19","date_gmt":"2021-02-25T14:36:05","guid":{"rendered":"https:\/\/numismed.de\/produkte\/urea-5-body-lotion\/"},"modified":"2021-03-12T13:14:41","modified_gmt":"2021-03-12T13:14:41","slug":"urea-body-lotion","status":"publish","type":"product","link":"https:\/\/numismed.de\/en\/products\/urea-body-lotion\/","title":{"rendered":"UREA 5% Body Lotion"},"content":{"rendered":"<p>Schonende Reinigung f\u00fcr trockene, zu Juckreiz neigende Kopfhaut. Die milde Formel mit Urea und dem NumiCare\u00ae Wirkstoffkomplex entspannt die Kopfhaut und sch\u00fctzt sie vor weiterer Austrocknung. F\u00fcr die t\u00e4gliche Anwendung geeignet. F\u00fcr entspannte Kopfhaut und geschmeidiges Haar. Can also be used to support the treatment of atopic eczema and psoriasis.<\/p>\n","protected":false},"excerpt":{"rendered":"<ul>\n<li>48 h moisture care<\/li>\n<li>soothes irritations and itching<\/li>\n<li>without fragrances suspected of causing allergies, silicones, parabens, microplastics, mineral oil<\/li>\n<li>strengthens the skin\u2018s protective barrier<\/li>\n<\/ul>\n","protected":false},"featured_media":2786,"template":"","meta":{"_acf_changed":false},"product_brand":[],"product_cat":[75],"product_tag":[],"class_list":{"0":"post-7786","1":"product","2":"type-product","3":"status-publish","4":"has-post-thumbnail","6":"produktserie-urea-en","7":"product_cat-skin-care","9":"first","10":"instock","11":"taxable","12":"shipping-taxable","13":"product-type-simple"},"acf":[],"yoast_head":"<!-- This site is optimized with the Yoast SEO plugin v27.4 - https:\/\/yoast.com\/product\/yoast-seo-wordpress\/ -->\n<title>UREA 5% Body Lotion for dry, itchy skin | numis\u00ae med<\/title>\n<meta name=\"description\" content=\"The UREA Body Lotion with 5% Urea is an 48h intensive care for extremely dry, itchy skin.\" \/>\n<meta name=\"robots\" content=\"index, follow, max-snippet:-1, max-image-preview:large, max-video-preview:-1\" \/>\n<link rel=\"canonical\" href=\"https:\/\/numismed.de\/en\/products\/urea-body-lotion\/\" \/>\n<meta property=\"og:locale\" content=\"en_US\" \/>\n<meta property=\"og:type\" content=\"article\" \/>\n<meta property=\"og:title\" content=\"UREA 5% Body Lotion for dry, itchy skin | numis\u00ae med\" \/>\n<meta property=\"og:description\" content=\"The UREA Body Lotion with 5% Urea is an 48h intensive care for extremely dry, itchy skin.\" \/>\n<meta property=\"og:url\" content=\"https:\/\/numismed.de\/en\/products\/urea-body-lotion\/\" \/>\n<meta property=\"og:site_name\" content=\"numis\u00ae med\" \/>\n<meta property=\"article:modified_time\" content=\"2021-03-12T13:14:41+00:00\" \/>\n<meta property=\"og:image\" content=\"https:\/\/numismed.de\/wp-content\/uploads\/2021\/01\/NumisMed_Urea_Koerperlotion_300ml_fg.png\" \/>\n\t<meta property=\"og:image:width\" content=\"1500\" \/>\n\t<meta property=\"og:image:height\" content=\"1500\" \/>\n\t<meta property=\"og:image:type\" content=\"image\/png\" \/>\n<meta name=\"twitter:card\" content=\"summary_large_image\" \/>\n<meta name=\"twitter:label1\" content=\"Est. reading time\" \/>\n\t<meta name=\"twitter:data1\" content=\"2 minutes\" \/>\n<script type=\"application\/ld+json\" class=\"yoast-schema-graph\">{\"@context\":\"https:\\\/\\\/schema.org\",\"@graph\":[{\"@type\":\"WebPage\",\"@id\":\"https:\\\/\\\/numismed.de\\\/en\\\/products\\\/urea-body-lotion\\\/\",\"url\":\"https:\\\/\\\/numismed.de\\\/en\\\/products\\\/urea-body-lotion\\\/\",\"name\":\"UREA 5% Body Lotion for dry, itchy skin | numis\u00ae med\",\"isPartOf\":{\"@id\":\"https:\\\/\\\/numismed.de\\\/en\\\/#website\"},\"primaryImageOfPage\":{\"@id\":\"https:\\\/\\\/numismed.de\\\/en\\\/products\\\/urea-body-lotion\\\/#primaryimage\"},\"image\":{\"@id\":\"https:\\\/\\\/numismed.de\\\/en\\\/products\\\/urea-body-lotion\\\/#primaryimage\"},\"thumbnailUrl\":\"https:\\\/\\\/numismed.de\\\/wp-content\\\/uploads\\\/2021\\\/01\\\/NumisMed_Urea_Koerperlotion_300ml_fg.png\",\"datePublished\":\"2021-02-25T14:36:05+00:00\",\"dateModified\":\"2021-03-12T13:14:41+00:00\",\"description\":\"The UREA Body Lotion with 5% Urea is an 48h intensive care for extremely dry, itchy skin.\",\"breadcrumb\":{\"@id\":\"https:\\\/\\\/numismed.de\\\/en\\\/products\\\/urea-body-lotion\\\/#breadcrumb\"},\"inLanguage\":\"en-US\",\"potentialAction\":[{\"@type\":\"ReadAction\",\"target\":[\"https:\\\/\\\/numismed.de\\\/en\\\/products\\\/urea-body-lotion\\\/\"]}]},{\"@type\":\"ImageObject\",\"inLanguage\":\"en-US\",\"@id\":\"https:\\\/\\\/numismed.de\\\/en\\\/products\\\/urea-body-lotion\\\/#primaryimage\",\"url\":\"https:\\\/\\\/numismed.de\\\/wp-content\\\/uploads\\\/2021\\\/01\\\/NumisMed_Urea_Koerperlotion_300ml_fg.png\",\"contentUrl\":\"https:\\\/\\\/numismed.de\\\/wp-content\\\/uploads\\\/2021\\\/01\\\/NumisMed_Urea_Koerperlotion_300ml_fg.png\",\"width\":1500,\"height\":1500,\"caption\":\"numis\u00ae med UREA 5% Body Lotion\"},{\"@type\":\"BreadcrumbList\",\"@id\":\"https:\\\/\\\/numismed.de\\\/en\\\/products\\\/urea-body-lotion\\\/#breadcrumb\",\"itemListElement\":[{\"@type\":\"ListItem\",\"position\":1,\"name\":\"\",\"item\":\"https:\\\/\\\/numismed.de\\\/en\\\/\"},{\"@type\":\"ListItem\",\"position\":2,\"name\":\"Products\",\"item\":\"https:\\\/\\\/numismed.de\\\/en\\\/products\\\/\"},{\"@type\":\"ListItem\",\"position\":3,\"name\":\"UREA\",\"item\":\"https:\\\/\\\/numismed.de\\\/en\\\/product-range\\\/urea-en\\\/\"},{\"@type\":\"ListItem\",\"position\":4,\"name\":\"UREA 5% Body Lotion\"}]},{\"@type\":\"WebSite\",\"@id\":\"https:\\\/\\\/numismed.de\\\/en\\\/#website\",\"url\":\"https:\\\/\\\/numismed.de\\\/en\\\/\",\"name\":\"numis\u00ae med\",\"description\":\"numis\u00ae med bietet ein umfassendes Sortiment, das auf individuelle Hauttypen und Hautzust\u00e4nde zugeschnitten ist.\",\"publisher\":{\"@id\":\"https:\\\/\\\/numismed.de\\\/en\\\/#organization\"},\"potentialAction\":[{\"@type\":\"SearchAction\",\"target\":{\"@type\":\"EntryPoint\",\"urlTemplate\":\"https:\\\/\\\/numismed.de\\\/en\\\/?s={search_term_string}\"},\"query-input\":{\"@type\":\"PropertyValueSpecification\",\"valueRequired\":true,\"valueName\":\"search_term_string\"}}],\"inLanguage\":\"en-US\"},{\"@type\":\"Organization\",\"@id\":\"https:\\\/\\\/numismed.de\\\/en\\\/#organization\",\"name\":\"numis\u00ae med\",\"url\":\"https:\\\/\\\/numismed.de\\\/en\\\/\",\"logo\":{\"@type\":\"ImageObject\",\"inLanguage\":\"en-US\",\"@id\":\"https:\\\/\\\/numismed.de\\\/en\\\/#\\\/schema\\\/logo\\\/image\\\/\",\"url\":\"https:\\\/\\\/numismed.de\\\/wp-content\\\/uploads\\\/2021\\\/02\\\/numismed-impressum-teaser.png\",\"contentUrl\":\"https:\\\/\\\/numismed.de\\\/wp-content\\\/uploads\\\/2021\\\/02\\\/numismed-impressum-teaser.png\",\"width\":400,\"height\":400,\"caption\":\"numis\u00ae med\"},\"image\":{\"@id\":\"https:\\\/\\\/numismed.de\\\/en\\\/#\\\/schema\\\/logo\\\/image\\\/\"}}]}<\/script>\n<!-- \/ Yoast SEO plugin. -->","yoast_head_json":{"title":"UREA 5% Body Lotion for dry, itchy skin | numis\u00ae med","description":"The UREA Body Lotion with 5% Urea is an 48h intensive care for extremely dry, itchy skin.","robots":{"index":"index","follow":"follow","max-snippet":"max-snippet:-1","max-image-preview":"max-image-preview:large","max-video-preview":"max-video-preview:-1"},"canonical":"https:\/\/numismed.de\/en\/products\/urea-body-lotion\/","og_locale":"en_US","og_type":"article","og_title":"UREA 5% Body Lotion for dry, itchy skin | numis\u00ae med","og_description":"The UREA Body Lotion with 5% Urea is an 48h intensive care for extremely dry, itchy skin.","og_url":"https:\/\/numismed.de\/en\/products\/urea-body-lotion\/","og_site_name":"numis\u00ae med","article_modified_time":"2021-03-12T13:14:41+00:00","og_image":[{"width":1500,"height":1500,"url":"https:\/\/numismed.de\/wp-content\/uploads\/2021\/01\/NumisMed_Urea_Koerperlotion_300ml_fg.png","type":"image\/png"}],"twitter_card":"summary_large_image","twitter_misc":{"Est. reading time":"2 minutes"},"schema":{"@context":"https:\/\/schema.org","@graph":[{"@type":"WebPage","@id":"https:\/\/numismed.de\/en\/products\/urea-body-lotion\/","url":"https:\/\/numismed.de\/en\/products\/urea-body-lotion\/","name":"UREA 5% Body Lotion for dry, itchy skin | numis\u00ae med","isPartOf":{"@id":"https:\/\/numismed.de\/en\/#website"},"primaryImageOfPage":{"@id":"https:\/\/numismed.de\/en\/products\/urea-body-lotion\/#primaryimage"},"image":{"@id":"https:\/\/numismed.de\/en\/products\/urea-body-lotion\/#primaryimage"},"thumbnailUrl":"https:\/\/numismed.de\/wp-content\/uploads\/2021\/01\/NumisMed_Urea_Koerperlotion_300ml_fg.png","datePublished":"2021-02-25T14:36:05+00:00","dateModified":"2021-03-12T13:14:41+00:00","description":"The UREA Body Lotion with 5% Urea is an 48h intensive care for extremely dry, itchy skin.","breadcrumb":{"@id":"https:\/\/numismed.de\/en\/products\/urea-body-lotion\/#breadcrumb"},"inLanguage":"en-US","potentialAction":[{"@type":"ReadAction","target":["https:\/\/numismed.de\/en\/products\/urea-body-lotion\/"]}]},{"@type":"ImageObject","inLanguage":"en-US","@id":"https:\/\/numismed.de\/en\/products\/urea-body-lotion\/#primaryimage","url":"https:\/\/numismed.de\/wp-content\/uploads\/2021\/01\/NumisMed_Urea_Koerperlotion_300ml_fg.png","contentUrl":"https:\/\/numismed.de\/wp-content\/uploads\/2021\/01\/NumisMed_Urea_Koerperlotion_300ml_fg.png","width":1500,"height":1500,"caption":"numis\u00ae med UREA 5% Body Lotion"},{"@type":"BreadcrumbList","@id":"https:\/\/numismed.de\/en\/products\/urea-body-lotion\/#breadcrumb","itemListElement":[{"@type":"ListItem","position":1,"name":"","item":"https:\/\/numismed.de\/en\/"},{"@type":"ListItem","position":2,"name":"Products","item":"https:\/\/numismed.de\/en\/products\/"},{"@type":"ListItem","position":3,"name":"UREA","item":"https:\/\/numismed.de\/en\/product-range\/urea-en\/"},{"@type":"ListItem","position":4,"name":"UREA 5% Body Lotion"}]},{"@type":"WebSite","@id":"https:\/\/numismed.de\/en\/#website","url":"https:\/\/numismed.de\/en\/","name":"numis\u00ae med","description":"numis\u00ae med bietet ein umfassendes Sortiment, das auf individuelle Hauttypen und Hautzust\u00e4nde zugeschnitten ist.","publisher":{"@id":"https:\/\/numismed.de\/en\/#organization"},"potentialAction":[{"@type":"SearchAction","target":{"@type":"EntryPoint","urlTemplate":"https:\/\/numismed.de\/en\/?s={search_term_string}"},"query-input":{"@type":"PropertyValueSpecification","valueRequired":true,"valueName":"search_term_string"}}],"inLanguage":"en-US"},{"@type":"Organization","@id":"https:\/\/numismed.de\/en\/#organization","name":"numis\u00ae med","url":"https:\/\/numismed.de\/en\/","logo":{"@type":"ImageObject","inLanguage":"en-US","@id":"https:\/\/numismed.de\/en\/#\/schema\/logo\/image\/","url":"https:\/\/numismed.de\/wp-content\/uploads\/2021\/02\/numismed-impressum-teaser.png","contentUrl":"https:\/\/numismed.de\/wp-content\/uploads\/2021\/02\/numismed-impressum-teaser.png","width":400,"height":400,"caption":"numis\u00ae med"},"image":{"@id":"https:\/\/numismed.de\/en\/#\/schema\/logo\/image\/"}}]}},"_links":{"self":[{"href":"https:\/\/numismed.de\/en\/wp-json\/wp\/v2\/product\/7786","targetHints":{"allow":["GET"]}}],"collection":[{"href":"https:\/\/numismed.de\/en\/wp-json\/wp\/v2\/product"}],"about":[{"href":"https:\/\/numismed.de\/en\/wp-json\/wp\/v2\/types\/product"}],"wp:featuredmedia":[{"embeddable":true,"href":"https:\/\/numismed.de\/en\/wp-json\/wp\/v2\/media\/2786"}],"wp:attachment":[{"href":"https:\/\/numismed.de\/en\/wp-json\/wp\/v2\/media?parent=7786"}],"wp:term":[{"taxonomy":"product_brand","embeddable":true,"href":"https:\/\/numismed.de\/en\/wp-json\/wp\/v2\/product_brand?post=7786"},{"taxonomy":"product_cat","embeddable":true,"href":"https:\/\/numismed.de\/en\/wp-json\/wp\/v2\/product_cat?post=7786"},{"taxonomy":"product_tag","embeddable":true,"href":"https:\/\/numismed.de\/en\/wp-json\/wp\/v2\/product_tag?post=7786"}],"curies":[{"name":"wp","href":"https:\/\/api.w.org\/{rel}","templated":true}]}}